{"id":19635,"date":"2020-08-04T15:01:25","date_gmt":"2020-08-04T13:01:25","guid":{"rendered":"https:\/\/pfmagazine.it\/privacy-policy-cookie\/"},"modified":"2021-12-15T09:50:31","modified_gmt":"2021-12-15T08:50:31","slug":"privacy-policy-cookie","status":"publish","type":"page","link":"https:\/\/pfmagazine.it\/en\/privacy-policy-cookie\/","title":{"rendered":"Privacy Policy \/ Cookie"},"content":{"rendered":"<p>[vc_row][vc_column][vc_column_text]<\/p>\n<p class=\"p1\">Informativa sul trattamento dei dati personali<\/p>\n<p class=\"p2\">Ai sensi e per gli effetti dell\u2019art. 13 del Regolamento UE 2016\/679 (di seguito \u201cGDPR\u201d), Piemmeti S.p.A. e Veronafiere S.p.A. Le forniscono le seguenti informazioni circa la raccolta, l\u2019utilizzo, la comunicazione ed il trattamento dei dati personali da Lei forniti.<\/p>\n<h3><strong>Titolare del trattamento e dati di contatto del Responsabile della protezione dati (DPO)<\/strong><\/h3>\n<p class=\"p2\">Titolari del trattamento sono Piemmeti S.p.a., Sede Legale Viale del Lavoro 8 \u2013 37135 Verona-Sede Operativa Via San Marco 11\/c \u2013 35129 Padova, tel. +39 0498753730 \u2013 fax +39 0498756113, <a href=\"mailto:info@piemmetispa.com\">info@piemmetispa.com<\/a> e Veronafiere S.p.A. Viale del Lavoro, 8, 37135 Verona VR, Tel. 045 8298111 \u2013 Fax 045 82 98 288, email: <a href=\"mailto:info@veronafiere.it\">info@veronafiere.it<\/a> (di seguito, anche le \u201cSociet\u00e0\u201d o i \u201cTitolari\u201d).<\/p>\n<p class=\"p7\">Il <b>DPO <\/b>\u00e8 contattabile all\u2019indirizzo email: <a href=\"mailto:dpo@veronafiere.eu\"><span class=\"s2\">dpo@veronafiere.eu<\/span><\/a>.<\/p>\n<h3>Finalit\u00e0 del trattamento, basi giuridiche e termini di conservazione<\/h3>\n<ul class=\"ul1\">\n<li>I suoi dati verranno trattati dalle Societ\u00e0 per finalit\u00e0 connesse all\u2019acquisto del biglietto, alla instaurazione e all\u2019esecuzione del contratto fra Lei e le Societ\u00e0.<\/li>\n<\/ul>\n<p class=\"p2\">La base giuridica che legittima il trattamento \u00e8 l&#8217;<b>esecuzione del contratto<\/b>.<\/p>\n<p class=\"p3\">I suoi dati verranno altres\u00ec trattati per l\u2019effettuazione di adempimenti amministrativo-contabili, quali la gestione della contabilit\u00e0 e della tesoreria, nonch\u00e9 la fatturazione (ad esempio la verifica e la registrazione delle fatture), in conformit\u00e0 a quanto richiesto dalla normativa vigente, o per l\u2019esecuzione di altri obblighi previsti da leggi, da regolamenti e dalla normativa comunitaria.<\/p>\n<p class=\"p3\">In tal caso, la base giuridica che legittima il trattamento dei dati da parte della Societ\u00e0 \u00e8 la necessit\u00e0 di adempiere ad un <b>obbligo legale <\/b>a cui sono soggette le Societ\u00e0 stesse.<\/p>\n<p class=\"p2\">I suoi dati potranno essere altres\u00ec trattati per far valere e\/o difendere i diritti delle Societ\u00e0 in sede giudiziaria. In tal caso la base giuridica del trattamento \u00e8 il <b>legittimo interesse <\/b>delle Societ\u00e0. Nel caso di contenzioso giudiziale, i dati saranno conservati per tutta la durata dello stesso, fino all\u2019esaurimento dei termini di esperibilit\u00e0 delle azioni di impugnazione.<\/p>\n<p class=\"p3\">I dati trattati per le finalit\u00e0 sopra indicate saranno conservati per tutta la durata del contratto e, dopo la cessazione, per 10 anni.<\/p>\n<p class=\"p3\">I suoi dati, ivi inclusi la sua immagine, saranno trattati da Verona Fiere SpA tramite l\u2019utilizzo di un sistema di <b>videosorveglianza<\/b>: per motivi di sicurezza dei visitatori durante le manifestazioni fieristiche, per ragioni di tutela del patrimonio di Veronafiere vista la notevole estensione della superficie dei padiglioni fieristici che rimangono parzialmente incustoditi durante le ore notturne nei periodi tra un&#8217;esposizione e l\u2019altra; per motivi di tutela del patrimonio degli espositori durante le ore notturne nei periodi di manifestazioni fieristiche; per ragioni di sicurezza fisica durante le operazioni di montaggio e smontaggio degli stand e delle attrezzature in genere nei periodi prima e dopo le manifestazioni fieristiche; per ragioni generali di prevenzione di accessi non autorizzati nel perimetro della fiera e nelle zone espositive.<\/p>\n<p class=\"p3\">Il trattamento delle immagini raccolte tramite il sistema di videosorveglianza avverr\u00e0 nel rispetto anche di quanto prescritto dall\u2019art. 3.1 del Provvedimento in materia di videosorveglianza, emanato dal Garante per la Protezione dei dati personali l\u20198 aprile 2010 (di seguito \u201c<i>Provvedimento videosorveglianza<\/i>&#8220;), fino a quando non sar\u00e0 modificato, abrogato o aggiornato dall\u2019Autorit\u00e0. Gli interessati sono opportunamente avvisati del trattamento mediante l&#8217;apposizione di cartelli nei punti oggetto di videosorveglianza.<\/p>\n<p class=\"p3\">La base giuridica che legittima il trattamento da parte della Societ\u00e0 \u00e8 il <b>legittimo interesse<\/b>.<\/p>\n<p class=\"p3\">Le immagini rilevate vengono registrate e conservate per un periodo non superiore a una settimana fatte salve speciali esigenze di ulteriore conservazione in relazione a festivit\u00e0 o chiusura di uffici o esercizi, nonch\u00e9 nel caso in cui si debba aderire ad una specifica richiesta investigativa dell&#8217;autorit\u00e0 giudiziaria o di polizia giudiziaria, conformemente a quanto disposto dal Provvedimento videosorveglianza.<\/p>\n<p class=\"p3\">Decorsi i termini di conservazione sopra indicati, i dati saranno distrutti, cancellati o resi anonimi, compatibilmente con le procedure tecniche di cancellazione e backup.<\/p>\n<p>I Suoi dati verranno trattati per le seguenti finalit\u00e0, previo suo consenso:<\/p>\n<ul>\n<li>invio di comunicazioni, informazioni, newsletter, studi e ricerche e materiale pubblicitario, il tutto anche personalizzato, riguardante le rassegne fieristiche organizzate dalla Societ\u00e0 e compimento di ricerche di mercato utilizzando modalit\u00e0 di contatto sia automatizzate (posta elettronica, fax) che tradizionali (posta cartacea, chiamate tramite operatore);<\/li>\n<li>invio di comunicazioni, informazioni, newsletter, studi e ricerche e materiale pubblicitario, il tutto anche personalizzato, riguardante prodotti e servizi di terzi utilizzando modalit\u00e0 di contatto sia automatizzate (posta elettronica, fax) che tradizionali (posta cartacea, chiamate tramite operatore).<\/li>\n<\/ul>\n<p class=\"p3\">I dati saranno conservati fino alla revoca del Suo consenso.<\/p>\n<p class=\"p3\">Decorsi i termini di conservazione sopra indicati, i Dati saranno distrutti o resi anonimi, compatibilmente con le procedure tecniche di cancellazione e backup.<\/p>\n<h3><strong>Conferimento dei dati<\/strong><\/h3>\n<p class=\"p3\">I Suoi dati personali saranno trattati da dipendenti e\/o collaboratori del Titolare che hanno ricevuto adeguate istruzioni operative e che sono stati espressamente autorizzati al trattamento.<\/p>\n<p class=\"p3\">Il conferimento dei dati personali evidenziati con un asterisco nel form di registrazione \u00e8 obbligatorio. In caso di mancato conferimento, le Societ\u00e0 non saranno in grado di perfezionare il relativo contratto di acquisto del biglietto o la validazione della relativa cartolina.<\/p>\n<p class=\"p3\">Il conferimento dei dati personali non evidenziati con un asterisco nel form di registrazione \u00e8 del tutto facoltativo.<\/p>\n<h3><strong>Categorie di destinatari dei dati<\/strong><\/h3>\n<p class=\"p3\">I dati potranno essere trattati dai dipendenti delle funzioni aziendali deputate al perseguimento delle finalit\u00e0 sopra indicate, che sono stati espressamente autorizzati al trattamento e che hanno ricevuto adeguate istruzioni operative.<\/p>\n<p class=\"p3\">I Suoi dati potranno essere comunicati ad autorit\u00e0 ed organi di vigilanza e controllo legittimati a richiedere i dati, associazioni o studi professionali (avvocati, commercialisti, revisori).<\/p>\n<p class=\"p3\">I dati potranno essere trattati da societ\u00e0 che, per conto del Titolare ed in qualit\u00e0 di responsabili, eseguono trattamenti per finalit\u00e0 amministrative e organizzative, per ricerche di mercato, per l\u2019invio di materiale pubblicitario. I dati potranno essere trattati da societ\u00e0 che, per conto del Titolare e in qualit\u00e0 di responsabili, svolgono attivit\u00e0 di manutenzione dell\u2019impianto di videosorveglianza e attivit\u00e0 di portierato.<\/p>\n<p class=\"p3\">I dati potranno essere comunicati a societ\u00e0 di ticketing, titolari autonomi del trattamento, al fine di permetterLe di acquistare il biglietto di accesso alla manifestazione prescelta o di attivare l\u2019invito elettronico pervenuto alla Sua casella di posta elettronica.<\/p>\n<p class=\"p3\">L\u2019elenco dei destinatari dei dati \u00e8 costantemente aggiornato e pu\u00f2 essere reperito agevolmente e gratuitamente inviando una comunicazione scritta al Titolare del trattamento all\u2019indirizzo sopra indicato o un\u2019e-mail all\u2019indirizzo <a href=\"mailto:privacy@veronafiere.it\"><span class=\"s2\">privacy@veronafiere.it<\/span><\/a>.<\/p>\n<h3><strong>Diritti dell\u2019interessato<\/strong><\/h3>\n<p class=\"p3\">Lei pu\u00f2 chiedere al Titolare l\u2019accesso ai dati che la riguardano, la loro cancellazione, la rettifica dei dati inesatti, l\u2019integrazione dei dati incompleti, la limitazione del trattamento nei casi previsti dall\u2019art. 18 GDPR, nonch\u00e9 l\u2019opposizione al trattamento, per motivi connessi alla Sua situazione particolare, nelle ipotesi di legittimo interesse del Titolare.<\/p>\n<p class=\"p3\">Nel caso in cui il trattamento sia basato sul consenso o sul contratto e sia effettuato con strumenti automatizzati, Lei ha il diritto di ricevere i Suoi dati in un formato strutturato, di uso comune e leggibile da dispositivo automatico, nonch\u00e9, se tecnicamente fattibile, di trasmetterli ad altro titolare senza impedimenti.<\/p>\n<p class=\"p3\">In ogni momento, Lei potr\u00e0 revocare i consensi prestati, nonch\u00e9 opporsi <span class=\"s12\">al<\/span> trattamento dei dati per finalit\u00e0 di marketing, compresa la profilazione connessa al marketing diretto.<\/p>\n<p class=\"p2\">Per l&#8217;esercizio dei Suoi diritti pu\u00f2 rivolgersi al Titolare del trattamento inviando una comunicazione scritta all\u2019indirizzo sopra indicato oppure un\u2019e\u2010mail a <a href=\"mailto:info@piemmetispa.com\">info@piemmetispa.com<\/a> e\/o <a href=\"mailto:privacy@veronafiere.it\">privacy@veronafiere.it<\/a><\/p>\n<p class=\"p3\">Infine, Lei pu\u00f2 proporre reclamo all\u2019Autorit\u00e0 Garante per la Protezione dei Dati Personali, nonch\u00e9 ricorrere agli altri mezzi di tutela previsti dalla normativa applicabile.<\/p>\n<p>[\/vc_column_text][\/vc_column][\/vc_row][vc_row el_id=&#8221;lista-cookies&#8221;][vc_column][vc_column_text]<\/p>\n<div id=\"lista-cookies\"><\/div>\n<h3><strong>Cookie<\/strong><\/h3>\n<p><strong>[render_cookies_list]<\/strong>[\/vc_column_text][\/vc_column][\/vc_row][vc_row][vc_column][vc_column_text][\/vc_column_text][\/vc_column][\/vc_row]<\/p>\n","protected":false},"excerpt":{"rendered":"<p>[vc_row][vc_column][vc_column_text] Informativa sul trattamento dei dati personali Ai sensi e per gli effetti dell\u2019art. 13 del Regolamento UE 2016\/679 (di seguito \u201cGDPR\u201d), Piemmeti S.p.A. e Veronafiere S.p.A. Le forniscono le seguenti informazioni circa la raccolta, l\u2019utilizzo, la comunicazione ed il trattamento dei dati personali da Lei forniti. Titolare del trattamento e dati di contatto del<\/p>\n","protected":false},"author":1,"featured_media":0,"parent":0,"menu_order":0,"comment_status":"closed","ping_status":"closed","template":"","meta":[],"yoast_head":"<!-- This site is optimized with the Yoast SEO plugin v19.4 - https:\/\/yoast.com\/wordpress\/plugins\/seo\/ -->\n<title>Privacy Policy \/ Cookie - PF Magazine<\/title>\n<meta name=\"robots\" content=\"index, follow, max-snippet:-1, max-image-preview:large, max-video-preview:-1\" \/>\n<link rel=\"canonical\" href=\"https:\/\/pfmagazine.it\/en\/privacy-policy-cookie\/\" \/>\n<meta property=\"og:locale\" content=\"en_US\" \/>\n<meta property=\"og:type\" content=\"article\" \/>\n<meta property=\"og:title\" content=\"Privacy Policy \/ Cookie - PF Magazine\" \/>\n<meta property=\"og:description\" content=\"[vc_row][vc_column][vc_column_text] Informativa sul trattamento dei dati personali Ai sensi e per gli effetti dell\u2019art. 13 del Regolamento UE 2016\/679 (di seguito \u201cGDPR\u201d), Piemmeti S.p.A. e Veronafiere S.p.A. Le forniscono le seguenti informazioni circa la raccolta, l\u2019utilizzo, la comunicazione ed il trattamento dei dati personali da Lei forniti. Titolare del trattamento e dati di contatto del\" \/>\n<meta property=\"og:url\" content=\"https:\/\/pfmagazine.it\/en\/privacy-policy-cookie\/\" \/>\n<meta property=\"og:site_name\" content=\"PF Magazine\" \/>\n<meta property=\"article:modified_time\" content=\"2021-12-15T08:50:31+00:00\" \/>\n<meta name=\"twitter:card\" content=\"summary_large_image\" \/>\n<meta name=\"twitter:label1\" content=\"Est. reading time\" \/>\n\t<meta name=\"twitter:data1\" content=\"6 minutes\" \/>\n<script type=\"application\/ld+json\" class=\"yoast-schema-graph\">{\"@context\":\"https:\/\/schema.org\",\"@graph\":[{\"@type\":\"WebSite\",\"@id\":\"https:\/\/pfmagazine.it\/#website\",\"url\":\"https:\/\/pfmagazine.it\/\",\"name\":\"PF Magazine\",\"description\":\"La rivista dedicata ai prodotti che utilizzano l\u2019energia del legno\",\"potentialAction\":[{\"@type\":\"SearchAction\",\"target\":{\"@type\":\"EntryPoint\",\"urlTemplate\":\"https:\/\/pfmagazine.it\/?s={search_term_string}\"},\"query-input\":\"required name=search_term_string\"}],\"inLanguage\":\"en-US\"},{\"@type\":\"WebPage\",\"@id\":\"https:\/\/pfmagazine.it\/en\/privacy-policy-cookie\/\",\"url\":\"https:\/\/pfmagazine.it\/en\/privacy-policy-cookie\/\",\"name\":\"Privacy Policy \/ Cookie - PF Magazine\",\"isPartOf\":{\"@id\":\"https:\/\/pfmagazine.it\/#website\"},\"datePublished\":\"2020-08-04T13:01:25+00:00\",\"dateModified\":\"2021-12-15T08:50:31+00:00\",\"breadcrumb\":{\"@id\":\"https:\/\/pfmagazine.it\/en\/privacy-policy-cookie\/#breadcrumb\"},\"inLanguage\":\"en-US\",\"potentialAction\":[{\"@type\":\"ReadAction\",\"target\":[\"https:\/\/pfmagazine.it\/en\/privacy-policy-cookie\/\"]}]},{\"@type\":\"BreadcrumbList\",\"@id\":\"https:\/\/pfmagazine.it\/en\/privacy-policy-cookie\/#breadcrumb\",\"itemListElement\":[{\"@type\":\"ListItem\",\"position\":1,\"name\":\"Home\",\"item\":\"https:\/\/pfmagazine.it\/en\/\"},{\"@type\":\"ListItem\",\"position\":2,\"name\":\"Privacy Policy \/ Cookie\"}]}]}<\/script>\n<!-- \/ Yoast SEO plugin. -->","yoast_head_json":{"title":"Privacy Policy \/ Cookie - PF Magazine","robots":{"index":"index","follow":"follow","max-snippet":"max-snippet:-1","max-image-preview":"max-image-preview:large","max-video-preview":"max-video-preview:-1"},"canonical":"https:\/\/pfmagazine.it\/en\/privacy-policy-cookie\/","og_locale":"en_US","og_type":"article","og_title":"Privacy Policy \/ Cookie - PF Magazine","og_description":"[vc_row][vc_column][vc_column_text] Informativa sul trattamento dei dati personali Ai sensi e per gli effetti dell\u2019art. 13 del Regolamento UE 2016\/679 (di seguito \u201cGDPR\u201d), Piemmeti S.p.A. e Veronafiere S.p.A. Le forniscono le seguenti informazioni circa la raccolta, l\u2019utilizzo, la comunicazione ed il trattamento dei dati personali da Lei forniti. Titolare del trattamento e dati di contatto del","og_url":"https:\/\/pfmagazine.it\/en\/privacy-policy-cookie\/","og_site_name":"PF Magazine","article_modified_time":"2021-12-15T08:50:31+00:00","twitter_card":"summary_large_image","twitter_misc":{"Est. reading time":"6 minutes"},"schema":{"@context":"https:\/\/schema.org","@graph":[{"@type":"WebSite","@id":"https:\/\/pfmagazine.it\/#website","url":"https:\/\/pfmagazine.it\/","name":"PF Magazine","description":"La rivista dedicata ai prodotti che utilizzano l\u2019energia del legno","potentialAction":[{"@type":"SearchAction","target":{"@type":"EntryPoint","urlTemplate":"https:\/\/pfmagazine.it\/?s={search_term_string}"},"query-input":"required name=search_term_string"}],"inLanguage":"en-US"},{"@type":"WebPage","@id":"https:\/\/pfmagazine.it\/en\/privacy-policy-cookie\/","url":"https:\/\/pfmagazine.it\/en\/privacy-policy-cookie\/","name":"Privacy Policy \/ Cookie - PF Magazine","isPartOf":{"@id":"https:\/\/pfmagazine.it\/#website"},"datePublished":"2020-08-04T13:01:25+00:00","dateModified":"2021-12-15T08:50:31+00:00","breadcrumb":{"@id":"https:\/\/pfmagazine.it\/en\/privacy-policy-cookie\/#breadcrumb"},"inLanguage":"en-US","potentialAction":[{"@type":"ReadAction","target":["https:\/\/pfmagazine.it\/en\/privacy-policy-cookie\/"]}]},{"@type":"BreadcrumbList","@id":"https:\/\/pfmagazine.it\/en\/privacy-policy-cookie\/#breadcrumb","itemListElement":[{"@type":"ListItem","position":1,"name":"Home","item":"https:\/\/pfmagazine.it\/en\/"},{"@type":"ListItem","position":2,"name":"Privacy Policy \/ Cookie"}]}]}},"_links":{"self":[{"href":"https:\/\/pfmagazine.it\/en\/wp-json\/wp\/v2\/pages\/19635"}],"collection":[{"href":"https:\/\/pfmagazine.it\/en\/wp-json\/wp\/v2\/pages"}],"about":[{"href":"https:\/\/pfmagazine.it\/en\/wp-json\/wp\/v2\/types\/page"}],"author":[{"embeddable":true,"href":"https:\/\/pfmagazine.it\/en\/wp-json\/wp\/v2\/users\/1"}],"replies":[{"embeddable":true,"href":"https:\/\/pfmagazine.it\/en\/wp-json\/wp\/v2\/comments?post=19635"}],"version-history":[{"count":3,"href":"https:\/\/pfmagazine.it\/en\/wp-json\/wp\/v2\/pages\/19635\/revisions"}],"predecessor-version":[{"id":22606,"href":"https:\/\/pfmagazine.it\/en\/wp-json\/wp\/v2\/pages\/19635\/revisions\/22606"}],"wp:attachment":[{"href":"https:\/\/pfmagazine.it\/en\/wp-json\/wp\/v2\/media?parent=19635"}],"curies":[{"name":"wp","href":"https:\/\/api.w.org\/{rel}","templated":true}]}}