{"id":19608,"date":"2020-08-05T11:09:19","date_gmt":"2020-08-05T09:09:19","guid":{"rendered":"https:\/\/pfmagazine.it\/home\/energia-e-biomasse\/"},"modified":"2021-05-28T09:45:24","modified_gmt":"2021-05-28T07:45:24","slug":"energia-e-biomasse","status":"publish","type":"page","link":"https:\/\/pfmagazine.it\/en\/home\/energia-e-biomasse\/","title":{"rendered":"Energy and Biomass"},"content":{"rendered":"<p>[vc_row show_title=&#8221;&#8221; miscellaneous=&#8221;on&#8221; gray_section=&#8221;&#8221; container=&#8221;on&#8221; show_parallax=&#8221;false&#8221;][vc_column width=&#8221;3\/4&#8243; show_title=&#8221;&#8221; css=&#8221;.vc_custom_1596618155303{border-right-width: 1px !important;padding-right: 20px !important;}&#8221;]<div class=\"magazine-blog\">\t\t\t\t<div class=\"magazine-post\">\n\t\t\t\t\t<div class=\"mag-post-img\">\n\t\t\t\t\t\t<a class=\"image-link\" href=\"https:\/\/pfmagazine.it\/en\/2021\/09\/06\/blockchain-e-sensorizzazione-nel-mondo-della-legna-da-ardere\/\" title=\"Blockchain &#038; Sensorization in the World of Fuel Wood\">\n\t\t\t\t\t\t\t<img width=\"454\" height=\"230\" src=\"https:\/\/pfmagazine.it\/wp-content\/uploads\/2021\/09\/PF-MAGAZINE-05-2021_4-454x230.jpg\" class=\"attachment-crazyblog_454x344 size-crazyblog_454x344 wp-post-image\" alt=\"\" loading=\"lazy\" \/>\t\t\t\t\t\t<\/a>\n\t\t\t\t\t<\/div>\n\t\t\t\t\t<div class=\"mag-post-detail\">\n\t\t\t\t\t\t<h3><a href=\"https:\/\/pfmagazine.it\/en\/2021\/09\/06\/blockchain-e-sensorizzazione-nel-mondo-della-legna-da-ardere\/\" title=\"Blockchain &#038; Sensorization in the World of Fuel Wood\">Blockchain &#038; Sensorization in the World of Fuel Wood<\/a><\/h3>\n\t\t\t\t\t\t<span>6 September 2021<\/span>\n\t\t\t\t\t\t<p>[vc_section css=&#8221;.vc_custom_1593768466937{margin-top: 0px !important;padding-top: 0px !important;background: #dac7b8 url(https:\/\/pfmagazine.it\/wp-content\/uploads\/2020\/07\/bk.png?id=959) !important;background-position: center !important;background-repeat: no-repeat !important;background-size: cover !important;}&#8221;][vc_row][vc_column width=&#8221;2\/3&#8243;][vc_custom_heading text=&#8221;Throughout human history trees have been&hellip;<\/p>\n\t\t\t\t\t\t<a class=\"continue\" href=\"https:\/\/pfmagazine.it\/en\/2021\/09\/06\/blockchain-e-sensorizzazione-nel-mondo-della-legna-da-ardere\/\" title=\"Blockchain &#038; Sensorization in the World of Fuel Wood\">Read More<\/a>\n\t\t\t\t\t\t\t\t\t\t\t\t\t<ul class=\"meta\">\n\t\t\t\t\t\t\t\t\t\t\t\t\t\t\t\t\t\t\t\t\t\t<li><i class=\"fa fa-eye\"><\/i>  1.7K<\/li>\n\t\t\t\t\t\t\t\t\t\t\t\t\t\t<\/ul>\n\t\t\t\t\t\t\t\t\t\t<\/div>\n\t\t\t\t<\/div>\n\t\t\t\t\t\t\t\t<div class=\"magazine-post\">\n\t\t\t\t\t<div class=\"mag-post-img\">\n\t\t\t\t\t\t<a class=\"image-link\" href=\"https:\/\/pfmagazine.it\/en\/2021\/06\/18\/conosciamo-davvero-la-carbonella\/\" title=\"Do we really know charcoal?\">\n\t\t\t\t\t\t\t<img width=\"454\" height=\"344\" src=\"https:\/\/pfmagazine.it\/wp-content\/uploads\/2021\/06\/carbonella--454x344.png\" class=\"attachment-crazyblog_454x344 size-crazyblog_454x344 wp-post-image\" alt=\"\" loading=\"lazy\" \/>\t\t\t\t\t\t<\/a>\n\t\t\t\t\t<\/div>\n\t\t\t\t\t<div class=\"mag-post-detail\">\n\t\t\t\t\t\t<h3><a href=\"https:\/\/pfmagazine.it\/en\/2021\/06\/18\/conosciamo-davvero-la-carbonella\/\" title=\"Do we really know charcoal?\">Do we really know charcoal?<\/a><\/h3>\n\t\t\t\t\t\t<span>18 June 2021<\/span>\n\t\t\t\t\t\t<p>Charcoal is a material highly used since ancient times...<\/p>\n\t\t\t\t\t\t<a class=\"continue\" href=\"https:\/\/pfmagazine.it\/en\/2021\/06\/18\/conosciamo-davvero-la-carbonella\/\" title=\"Do we really know charcoal?\">Read More<\/a>\n\t\t\t\t\t\t\t\t\t\t\t\t\t<ul class=\"meta\">\n\t\t\t\t\t\t\t\t\t\t\t\t\t\t\t\t\t\t\t\t\t\t<li><i class=\"fa fa-eye\"><\/i>  1.9K<\/li>\n\t\t\t\t\t\t\t\t\t\t\t\t\t\t<\/ul>\n\t\t\t\t\t\t\t\t\t\t<\/div>\n\t\t\t\t<\/div>\n\t\t\t\t\t\t\t\t<div class=\"magazine-post\">\n\t\t\t\t\t<div class=\"mag-post-img\">\n\t\t\t\t\t\t<a class=\"image-link\" href=\"https:\/\/pfmagazine.it\/en\/2021\/05\/23\/tornano-i-biomass-days\/\" title=\"Biomass Days are back (Veronafiere 27-30 October 2021)\">\n\t\t\t\t\t\t\t<img width=\"454\" height=\"344\" src=\"https:\/\/pfmagazine.it\/wp-content\/uploads\/2021\/05\/top-view-bonfire-with-flames-454x344.jpg\" class=\"attachment-crazyblog_454x344 size-crazyblog_454x344 wp-post-image\" alt=\"\" loading=\"lazy\" \/>\t\t\t\t\t\t<\/a>\n\t\t\t\t\t<\/div>\n\t\t\t\t\t<div class=\"mag-post-detail\">\n\t\t\t\t\t\t<h3><a href=\"https:\/\/pfmagazine.it\/en\/2021\/05\/23\/tornano-i-biomass-days\/\" title=\"Biomass Days are back (Veronafiere 27-30 October 2021)\">Biomass Days are back (Veronafiere 27-30 October 2021)<\/a><\/h3>\n\t\t\t\t\t\t<span>23 May 2021<\/span>\n\t\t\t\t\t\t<p>AIEL and Progetto Fuoco organize the Biomass Days,\u00a0to enhance the heat from wood, an exhibition and conference initiative as part of the&hellip;<\/p>\n\t\t\t\t\t\t<a class=\"continue\" href=\"https:\/\/pfmagazine.it\/en\/2021\/05\/23\/tornano-i-biomass-days\/\" title=\"Biomass Days are back (Veronafiere 27-30 October 2021)\">Read More<\/a>\n\t\t\t\t\t\t\t\t\t\t\t\t\t<ul class=\"meta\">\n\t\t\t\t\t\t\t\t\t\t\t\t\t\t\t\t\t\t\t\t\t\t<li><i class=\"fa fa-eye\"><\/i>  1.1K<\/li>\n\t\t\t\t\t\t\t\t\t\t\t\t\t\t<\/ul>\n\t\t\t\t\t\t\t\t\t\t<\/div>\n\t\t\t\t<\/div>\n\t\t\t\t\t\t\t\t<div class=\"magazine-post\">\n\t\t\t\t\t<div class=\"mag-post-img\">\n\t\t\t\t\t\t<a class=\"image-link\" href=\"https:\/\/pfmagazine.it\/en\/2021\/04\/11\/laminox-dal-1964-professionisti-del-calore-copy\/\" title=\"Sales of wood heating products in France: 2020 shows a sharp decrease\">\n\t\t\t\t\t\t\t<img width=\"454\" height=\"344\" src=\"https:\/\/pfmagazine.it\/wp-content\/uploads\/2021\/03\/EDIZIONE-FRANCESE-01-1-454x344.png\" class=\"attachment-crazyblog_454x344 size-crazyblog_454x344 wp-post-image\" alt=\"\" loading=\"lazy\" \/>\t\t\t\t\t\t<\/a>\n\t\t\t\t\t<\/div>\n\t\t\t\t\t<div class=\"mag-post-detail\">\n\t\t\t\t\t\t<h3><a href=\"https:\/\/pfmagazine.it\/en\/2021\/04\/11\/laminox-dal-1964-professionisti-del-calore-copy\/\" title=\"Sales of wood heating products in France: 2020 shows a sharp decrease\">Sales of wood heating products in France: 2020 shows a sharp decrease<\/a><\/h3>\n\t\t\t\t\t\t<span>11 April 2021<\/span>\n\t\t\t\t\t\t<p>Riscaldamento, pellet, legna combinato Made in Italy<\/p>\n\t\t\t\t\t\t<a class=\"continue\" href=\"https:\/\/pfmagazine.it\/en\/2021\/04\/11\/laminox-dal-1964-professionisti-del-calore-copy\/\" title=\"Sales of wood heating products in France: 2020 shows a sharp decrease\">Read More<\/a>\n\t\t\t\t\t\t\t\t\t\t\t\t\t<ul class=\"meta\">\n\t\t\t\t\t\t\t\t\t\t\t\t\t\t\t\t\t\t\t\t\t\t<li><i class=\"fa fa-eye\"><\/i>  1.8K<\/li>\n\t\t\t\t\t\t\t\t\t\t\t\t\t\t<\/ul>\n\t\t\t\t\t\t\t\t\t\t<\/div>\n\t\t\t\t<\/div>\n\t\t\t\t\t\t\t\t<div class=\"magazine-post\">\n\t\t\t\t\t<div class=\"mag-post-img\">\n\t\t\t\t\t\t<a class=\"image-link\" href=\"https:\/\/pfmagazine.it\/en\/2021\/04\/04\/propellet-france-il-2020-e-passato-lunga-vita-al-2021\/\" title=\"ProPellet France: 2020 has passed, long live 2021\">\n\t\t\t\t\t\t\t<img width=\"454\" height=\"344\" src=\"https:\/\/pfmagazine.it\/wp-content\/uploads\/2021\/04\/Love-pellets-454x344.png\" class=\"attachment-crazyblog_454x344 size-crazyblog_454x344 wp-post-image\" alt=\"\" loading=\"lazy\" \/>\t\t\t\t\t\t<\/a>\n\t\t\t\t\t<\/div>\n\t\t\t\t\t<div class=\"mag-post-detail\">\n\t\t\t\t\t\t<h3><a href=\"https:\/\/pfmagazine.it\/en\/2021\/04\/04\/propellet-france-il-2020-e-passato-lunga-vita-al-2021\/\" title=\"ProPellet France: 2020 has passed, long live 2021\">ProPellet France: 2020 has passed, long live 2021<\/a><\/h3>\n\t\t\t\t\t\t<span>4 April 2021<\/span>\n\t\t\t\t\t\t<p>Talking with Eric Vial, Eric VIAL,\u00a0D\u00e9l\u00e9gu\u00e9 G\u00e9n\u00e9ral\u00a0PROPELLET France 2020 has passed, long live 2021 The young wood pellet heating industry has grown&hellip;<\/p>\n\t\t\t\t\t\t<a class=\"continue\" href=\"https:\/\/pfmagazine.it\/en\/2021\/04\/04\/propellet-france-il-2020-e-passato-lunga-vita-al-2021\/\" title=\"ProPellet France: 2020 has passed, long live 2021\">Read More<\/a>\n\t\t\t\t\t\t\t\t\t\t\t\t\t<ul class=\"meta\">\n\t\t\t\t\t\t\t\t\t\t\t\t\t\t\t\t\t\t\t\t\t\t<li><i class=\"fa fa-eye\"><\/i>  1.5K<\/li>\n\t\t\t\t\t\t\t\t\t\t\t\t\t\t<\/ul>\n\t\t\t\t\t\t\t\t\t\t<\/div>\n\t\t\t\t<\/div>\n\t\t\t\t\t\t\t\t<div class=\"magazine-post\">\n\t\t\t\t\t<div class=\"mag-post-img\">\n\t\t\t\t\t\t<a class=\"image-link\" href=\"https:\/\/pfmagazine.it\/en\/2021\/03\/02\/green-new-deal-ed-energia-rinnovabile-dal-legno-copy\/\" title=\"The briquettes these unknown\u2026\">\n\t\t\t\t\t\t\t<img width=\"454\" height=\"344\" src=\"https:\/\/pfmagazine.it\/wp-content\/uploads\/2021\/03\/BRICCHETTO-01-454x344.jpg\" class=\"attachment-crazyblog_454x344 size-crazyblog_454x344 wp-post-image\" alt=\"\" loading=\"lazy\" \/>\t\t\t\t\t\t<\/a>\n\t\t\t\t\t<\/div>\n\t\t\t\t\t<div class=\"mag-post-detail\">\n\t\t\t\t\t\t<h3><a href=\"https:\/\/pfmagazine.it\/en\/2021\/03\/02\/green-new-deal-ed-energia-rinnovabile-dal-legno-copy\/\" title=\"The briquettes these unknown\u2026\">The briquettes these unknown\u2026<\/a><\/h3>\n\t\t\t\t\t\t<span>2 March 2021<\/span>\n\t\t\t\t\t\t<p>Energy consumption decreases, but those from renewable sources increase...<\/p>\n\t\t\t\t\t\t<a class=\"continue\" href=\"https:\/\/pfmagazine.it\/en\/2021\/03\/02\/green-new-deal-ed-energia-rinnovabile-dal-legno-copy\/\" title=\"The briquettes these unknown\u2026\">Read More<\/a>\n\t\t\t\t\t\t\t\t\t\t\t\t\t<ul class=\"meta\">\n\t\t\t\t\t\t\t\t\t\t\t\t\t\t\t\t\t\t\t\t\t\t<li><i class=\"fa fa-eye\"><\/i>  1.5K<\/li>\n\t\t\t\t\t\t\t\t\t\t\t\t\t\t<\/ul>\n\t\t\t\t\t\t\t\t\t\t<\/div>\n\t\t\t\t<\/div>\n\t\t\t\t\t\t\t\t<div class=\"magazine-post\">\n\t\t\t\t\t<div class=\"mag-post-img\">\n\t\t\t\t\t\t<a class=\"image-link\" href=\"https:\/\/pfmagazine.it\/en\/2021\/01\/27\/pellets-the-secret-to-innovative-ecological-and-cost-effective-heating\/\" title=\"Pellets: the secret to innovative, ecological and cost-effective heating\">\n\t\t\t\t\t\t\t<img width=\"454\" height=\"344\" src=\"https:\/\/pfmagazine.it\/wp-content\/uploads\/2021\/01\/shutterstock_453476491-454x344.jpg\" class=\"attachment-crazyblog_454x344 size-crazyblog_454x344 wp-post-image\" alt=\"\" loading=\"lazy\" \/>\t\t\t\t\t\t<\/a>\n\t\t\t\t\t<\/div>\n\t\t\t\t\t<div class=\"mag-post-detail\">\n\t\t\t\t\t\t<h3><a href=\"https:\/\/pfmagazine.it\/en\/2021\/01\/27\/pellets-the-secret-to-innovative-ecological-and-cost-effective-heating\/\" title=\"Pellets: the secret to innovative, ecological and cost-effective heating\">Pellets: the secret to innovative, ecological and cost-effective heating<\/a><\/h3>\n\t\t\t\t\t\t<span>27 January 2021<\/span>\n\t\t\t\t\t\t<p>The market for pellet stoves and boilers has grown considerably in recent years, making this innovative heating system particularly popular in both&hellip;<\/p>\n\t\t\t\t\t\t<a class=\"continue\" href=\"https:\/\/pfmagazine.it\/en\/2021\/01\/27\/pellets-the-secret-to-innovative-ecological-and-cost-effective-heating\/\" title=\"Pellets: the secret to innovative, ecological and cost-effective heating\">Read More<\/a>\n\t\t\t\t\t\t\t\t\t\t\t\t\t<ul class=\"meta\">\n\t\t\t\t\t\t\t\t\t\t\t\t\t\t\t\t\t\t\t\t\t\t<li><i class=\"fa fa-eye\"><\/i>  1.9K<\/li>\n\t\t\t\t\t\t\t\t\t\t\t\t\t\t<\/ul>\n\t\t\t\t\t\t\t\t\t\t<\/div>\n\t\t\t\t<\/div>\n\t\t\t\t\t\t\t\t<div class=\"magazine-post\">\n\t\t\t\t\t<div class=\"mag-post-img\">\n\t\t\t\t\t\t<a class=\"image-link\" href=\"https:\/\/pfmagazine.it\/en\/2020\/12\/04\/biomass-boiler-an-opportunity-for-you-and-the-environment\/\" title=\"Biomass boiler, an opportunity for you and the environment\">\n\t\t\t\t\t\t\t<img width=\"454\" height=\"344\" src=\"https:\/\/pfmagazine.it\/wp-content\/uploads\/2020\/11\/caldaia-JP-454x344.jpg\" class=\"attachment-crazyblog_454x344 size-crazyblog_454x344 wp-post-image\" alt=\"caldaia a biomassa\" loading=\"lazy\" \/>\t\t\t\t\t\t<\/a>\n\t\t\t\t\t<\/div>\n\t\t\t\t\t<div class=\"mag-post-detail\">\n\t\t\t\t\t\t<h3><a href=\"https:\/\/pfmagazine.it\/en\/2020\/12\/04\/biomass-boiler-an-opportunity-for-you-and-the-environment\/\" title=\"Biomass boiler, an opportunity for you and the environment\">Biomass boiler, an opportunity for you and the environment<\/a><\/h3>\n\t\t\t\t\t\t<span>4 December 2020<\/span>\n\t\t\t\t\t\t<p>How nice is it to stay warm in your own home when the cold weather gives you no respite in winter? Maybe&hellip;<\/p>\n\t\t\t\t\t\t<a class=\"continue\" href=\"https:\/\/pfmagazine.it\/en\/2020\/12\/04\/biomass-boiler-an-opportunity-for-you-and-the-environment\/\" title=\"Biomass boiler, an opportunity for you and the environment\">Read More<\/a>\n\t\t\t\t\t\t\t\t\t\t\t\t\t<ul class=\"meta\">\n\t\t\t\t\t\t\t\t\t\t\t\t\t\t\t\t\t\t\t\t\t\t<li><i class=\"fa fa-eye\"><\/i>  1.8K<\/li>\n\t\t\t\t\t\t\t\t\t\t\t\t\t\t<\/ul>\n\t\t\t\t\t\t\t\t\t\t<\/div>\n\t\t\t\t<\/div>\n\t\t\t\t\t\t\t\t<div class=\"magazine-post\">\n\t\t\t\t\t<div class=\"mag-post-img\">\n\t\t\t\t\t\t<a class=\"image-link\" href=\"https:\/\/pfmagazine.it\/en\/2020\/05\/22\/green-new-deal-and-renewable-energy-from-wood\/\" title=\"Green New Deal and renewable energy from wood\">\n\t\t\t\t\t\t\t<img width=\"454\" height=\"344\" src=\"https:\/\/pfmagazine.it\/wp-content\/uploads\/2020\/08\/green-new-deal-evidenza-454x344.jpg\" class=\"attachment-crazyblog_454x344 size-crazyblog_454x344 wp-post-image\" alt=\"\" loading=\"lazy\" \/>\t\t\t\t\t\t<\/a>\n\t\t\t\t\t<\/div>\n\t\t\t\t\t<div class=\"mag-post-detail\">\n\t\t\t\t\t\t<h3><a href=\"https:\/\/pfmagazine.it\/en\/2020\/05\/22\/green-new-deal-and-renewable-energy-from-wood\/\" title=\"Green New Deal and renewable energy from wood\">Green New Deal and renewable energy from wood<\/a><\/h3>\n\t\t\t\t\t\t<span>22 May 2020<\/span>\n\t\t\t\t\t\t<p>Energy consumption is decreasing, but renewables are increasing<\/p>\n\t\t\t\t\t\t<a class=\"continue\" href=\"https:\/\/pfmagazine.it\/en\/2020\/05\/22\/green-new-deal-and-renewable-energy-from-wood\/\" title=\"Green New Deal and renewable energy from wood\">Read More<\/a>\n\t\t\t\t\t\t\t\t\t\t\t\t\t<ul class=\"meta\">\n\t\t\t\t\t\t\t\t\t\t\t\t\t\t\t\t\t\t\t\t\t\t<li><i class=\"fa fa-eye\"><\/i>  1.6K<\/li>\n\t\t\t\t\t\t\t\t\t\t\t\t\t\t<\/ul>\n\t\t\t\t\t\t\t\t\t\t<\/div>\n\t\t\t\t<\/div>\n\t\t\t\t\t\t\t\t<div class=\"magazine-post\">\n\t\t\t\t\t<div class=\"mag-post-img\">\n\t\t\t\t\t\t<a class=\"image-link\" href=\"https:\/\/pfmagazine.it\/en\/2020\/04\/27\/biomasses-and-fine-particles-the-italian-case\/\" title=\"Biomasses and fine particles: the italian case\">\n\t\t\t\t\t\t\t<img width=\"454\" height=\"344\" src=\"https:\/\/pfmagazine.it\/wp-content\/uploads\/2020\/08\/biomasse-evidenza-454x344.jpg\" class=\"attachment-crazyblog_454x344 size-crazyblog_454x344 wp-post-image\" alt=\"\" loading=\"lazy\" \/>\t\t\t\t\t\t<\/a>\n\t\t\t\t\t<\/div>\n\t\t\t\t\t<div class=\"mag-post-detail\">\n\t\t\t\t\t\t<h3><a href=\"https:\/\/pfmagazine.it\/en\/2020\/04\/27\/biomasses-and-fine-particles-the-italian-case\/\" title=\"Biomasses and fine particles: the italian case\">Biomasses and fine particles: the italian case<\/a><\/h3>\n\t\t\t\t\t\t<span>27 April 2020<\/span>\n\t\t\t\t\t\t<p>Every winter, air pollution becomes the central theme of a heated debate. The high levels of fine particles in the air, increased&hellip;<\/p>\n\t\t\t\t\t\t<a class=\"continue\" href=\"https:\/\/pfmagazine.it\/en\/2020\/04\/27\/biomasses-and-fine-particles-the-italian-case\/\" title=\"Biomasses and fine particles: the italian case\">Read More<\/a>\n\t\t\t\t\t\t\t\t\t\t\t\t\t<ul class=\"meta\">\n\t\t\t\t\t\t\t\t\t\t\t\t\t\t\t\t\t\t\t\t\t\t<li><i class=\"fa fa-eye\"><\/i>  1.4K<\/li>\n\t\t\t\t\t\t\t\t\t\t\t\t\t\t<\/ul>\n\t\t\t\t\t\t\t\t\t\t<\/div>\n\t\t\t\t<\/div>\n\t\t\t\t  <\/div>\t\t\t\t<div id=\"loaded\">\n\t\t\t\t\t<div class=\"cssload-loader\">\n\t\t\t\t\t\t<div class=\"cssload-inner cssload-one\"><\/div>\n\t\t\t\t\t\t<div class=\"cssload-inner cssload-two\"><\/div>\n\t\t\t\t\t\t<div class=\"cssload-inner cssload-three\"><\/div>\n\t\t\t\t\t<\/div>\n\t\t\t\t<\/div>\n\t\t\t\t<div class=\"load-btn\">\n\t\t\t\t\t<a id=\"magzine_list\" data-selector=\".magazine-blog\" data-offset=\"div.magazine-post\" data-type=\"magzine_list\" data-cats=\"energy-and-biomass\" data-order=\"DESC\" data-orderby=\"date\" data-posts=\"post\" data-limit=\"\" data-nonce=\"3553b39728\" class=\"loadmore\" href=\"javascript:void(0)\" ><i class=\"fa fa-refresh\"><\/i>Load More<\/a>\n\t\t\t\t<\/div>\n\t\t\t\t[\/vc_column][vc_column width=&#8221;1\/4&#8243; css=&#8221;.vc_custom_1596618374109{background-color: #f7f7f7 !important;}&#8221; el_class=&#8221;side-section-pf&#8221;][vc_widget_sidebar sidebar_id=&#8221;post-sidebar&#8221;][\/vc_column][\/vc_row][vc_row][vc_column][vc_column_text][\/vc_column_text][\/vc_column][\/vc_row]<\/p>\n","protected":false},"excerpt":{"rendered":"<p>[vc_row show_title=&#8221;&#8221; miscellaneous=&#8221;on&#8221; gray_section=&#8221;&#8221; container=&#8221;on&#8221; show_parallax=&#8221;false&#8221;][vc_column width=&#8221;3\/4&#8243; show_title=&#8221;&#8221; css=&#8221;.vc_custom_1596618155303{border-right-width: 1px !important;padding-right: 20px !important;}&#8221;][\/vc_column][vc_column width=&#8221;1\/4&#8243; css=&#8221;.vc_custom_1596618374109{background-color: #f7f7f7 !important;}&#8221; el_class=&#8221;side-section-pf&#8221;][vc_widget_sidebar sidebar_id=&#8221;post-sidebar&#8221;][\/vc_column][\/vc_row][vc_row][vc_column][vc_column_text][\/vc_column_text][\/vc_column][\/vc_row]<\/p>\n","protected":false},"author":1,"featured_media":0,"parent":19467,"menu_order":0,"comment_status":"closed","ping_status":"closed","template":"tpl_visual_composer.php","meta":[],"yoast_head":"<!-- This site is optimized with the Yoast SEO plugin v19.4 - https:\/\/yoast.com\/wordpress\/plugins\/seo\/ -->\n<title>Energy and Biomass - PF Magazine<\/title>\n<meta name=\"robots\" content=\"index, follow, max-snippet:-1, max-image-preview:large, max-video-preview:-1\" \/>\n<link rel=\"canonical\" href=\"https:\/\/pfmagazine.it\/en\/home\/energia-e-biomasse\/\" \/>\n<meta property=\"og:locale\" content=\"en_US\" \/>\n<meta property=\"og:type\" content=\"article\" \/>\n<meta property=\"og:title\" content=\"Energy and Biomass - PF Magazine\" \/>\n<meta property=\"og:description\" content=\"[vc_row show_title=&#8221;&#8221; miscellaneous=&#8221;on&#8221; gray_section=&#8221;&#8221; container=&#8221;on&#8221; show_parallax=&#8221;false&#8221;][vc_column width=&#8221;3\/4&#8243; show_title=&#8221;&#8221; css=&#8221;.vc_custom_1596618155303{border-right-width: 1px !important;padding-right: 20px !important;}&#8221;][\/vc_column][vc_column width=&#8221;1\/4&#8243; css=&#8221;.vc_custom_1596618374109{background-color: #f7f7f7 !important;}&#8221; el_class=&#8221;side-section-pf&#8221;][vc_widget_sidebar sidebar_id=&#8221;post-sidebar&#8221;][\/vc_column][\/vc_row][vc_row][vc_column][vc_column_text][\/vc_column_text][\/vc_column][\/vc_row]\" \/>\n<meta property=\"og:url\" content=\"https:\/\/pfmagazine.it\/en\/home\/energia-e-biomasse\/\" \/>\n<meta property=\"og:site_name\" content=\"PF Magazine\" \/>\n<meta property=\"article:modified_time\" content=\"2021-05-28T07:45:24+00:00\" \/>\n<meta name=\"twitter:card\" content=\"summary_large_image\" \/>\n<meta name=\"twitter:label1\" content=\"Est. reading time\" \/>\n\t<meta name=\"twitter:data1\" content=\"1 minute\" \/>\n<script type=\"application\/ld+json\" class=\"yoast-schema-graph\">{\"@context\":\"https:\/\/schema.org\",\"@graph\":[{\"@type\":\"WebSite\",\"@id\":\"https:\/\/pfmagazine.it\/#website\",\"url\":\"https:\/\/pfmagazine.it\/\",\"name\":\"PF Magazine\",\"description\":\"La rivista dedicata ai prodotti che utilizzano l\u2019energia del legno\",\"potentialAction\":[{\"@type\":\"SearchAction\",\"target\":{\"@type\":\"EntryPoint\",\"urlTemplate\":\"https:\/\/pfmagazine.it\/?s={search_term_string}\"},\"query-input\":\"required name=search_term_string\"}],\"inLanguage\":\"en-US\"},{\"@type\":\"WebPage\",\"@id\":\"https:\/\/pfmagazine.it\/en\/home\/energia-e-biomasse\/\",\"url\":\"https:\/\/pfmagazine.it\/en\/home\/energia-e-biomasse\/\",\"name\":\"Energy and Biomass - PF Magazine\",\"isPartOf\":{\"@id\":\"https:\/\/pfmagazine.it\/#website\"},\"datePublished\":\"2020-08-05T09:09:19+00:00\",\"dateModified\":\"2021-05-28T07:45:24+00:00\",\"breadcrumb\":{\"@id\":\"https:\/\/pfmagazine.it\/en\/home\/energia-e-biomasse\/#breadcrumb\"},\"inLanguage\":\"en-US\",\"potentialAction\":[{\"@type\":\"ReadAction\",\"target\":[\"https:\/\/pfmagazine.it\/en\/home\/energia-e-biomasse\/\"]}]},{\"@type\":\"BreadcrumbList\",\"@id\":\"https:\/\/pfmagazine.it\/en\/home\/energia-e-biomasse\/#breadcrumb\",\"itemListElement\":[{\"@type\":\"ListItem\",\"position\":1,\"name\":\"Home\",\"item\":\"https:\/\/pfmagazine.it\/en\/\"},{\"@type\":\"ListItem\",\"position\":2,\"name\":\"Home\",\"item\":\"https:\/\/pfmagazine.it\/en\/home\/\"},{\"@type\":\"ListItem\",\"position\":3,\"name\":\"Energy and Biomass\"}]}]}<\/script>\n<!-- \/ Yoast SEO plugin. -->","yoast_head_json":{"title":"Energy and Biomass - PF Magazine","robots":{"index":"index","follow":"follow","max-snippet":"max-snippet:-1","max-image-preview":"max-image-preview:large","max-video-preview":"max-video-preview:-1"},"canonical":"https:\/\/pfmagazine.it\/en\/home\/energia-e-biomasse\/","og_locale":"en_US","og_type":"article","og_title":"Energy and Biomass - PF Magazine","og_description":"[vc_row show_title=&#8221;&#8221; miscellaneous=&#8221;on&#8221; gray_section=&#8221;&#8221; container=&#8221;on&#8221; show_parallax=&#8221;false&#8221;][vc_column width=&#8221;3\/4&#8243; show_title=&#8221;&#8221; css=&#8221;.vc_custom_1596618155303{border-right-width: 1px !important;padding-right: 20px !important;}&#8221;][\/vc_column][vc_column width=&#8221;1\/4&#8243; css=&#8221;.vc_custom_1596618374109{background-color: #f7f7f7 !important;}&#8221; el_class=&#8221;side-section-pf&#8221;][vc_widget_sidebar sidebar_id=&#8221;post-sidebar&#8221;][\/vc_column][\/vc_row][vc_row][vc_column][vc_column_text][\/vc_column_text][\/vc_column][\/vc_row]","og_url":"https:\/\/pfmagazine.it\/en\/home\/energia-e-biomasse\/","og_site_name":"PF Magazine","article_modified_time":"2021-05-28T07:45:24+00:00","twitter_card":"summary_large_image","twitter_misc":{"Est. reading time":"1 minute"},"schema":{"@context":"https:\/\/schema.org","@graph":[{"@type":"WebSite","@id":"https:\/\/pfmagazine.it\/#website","url":"https:\/\/pfmagazine.it\/","name":"PF Magazine","description":"La rivista dedicata ai prodotti che utilizzano l\u2019energia del legno","potentialAction":[{"@type":"SearchAction","target":{"@type":"EntryPoint","urlTemplate":"https:\/\/pfmagazine.it\/?s={search_term_string}"},"query-input":"required name=search_term_string"}],"inLanguage":"en-US"},{"@type":"WebPage","@id":"https:\/\/pfmagazine.it\/en\/home\/energia-e-biomasse\/","url":"https:\/\/pfmagazine.it\/en\/home\/energia-e-biomasse\/","name":"Energy and Biomass - PF Magazine","isPartOf":{"@id":"https:\/\/pfmagazine.it\/#website"},"datePublished":"2020-08-05T09:09:19+00:00","dateModified":"2021-05-28T07:45:24+00:00","breadcrumb":{"@id":"https:\/\/pfmagazine.it\/en\/home\/energia-e-biomasse\/#breadcrumb"},"inLanguage":"en-US","potentialAction":[{"@type":"ReadAction","target":["https:\/\/pfmagazine.it\/en\/home\/energia-e-biomasse\/"]}]},{"@type":"BreadcrumbList","@id":"https:\/\/pfmagazine.it\/en\/home\/energia-e-biomasse\/#breadcrumb","itemListElement":[{"@type":"ListItem","position":1,"name":"Home","item":"https:\/\/pfmagazine.it\/en\/"},{"@type":"ListItem","position":2,"name":"Home","item":"https:\/\/pfmagazine.it\/en\/home\/"},{"@type":"ListItem","position":3,"name":"Energy and Biomass"}]}]}},"_links":{"self":[{"href":"https:\/\/pfmagazine.it\/en\/wp-json\/wp\/v2\/pages\/19608"}],"collection":[{"href":"https:\/\/pfmagazine.it\/en\/wp-json\/wp\/v2\/pages"}],"about":[{"href":"https:\/\/pfmagazine.it\/en\/wp-json\/wp\/v2\/types\/page"}],"author":[{"embeddable":true,"href":"https:\/\/pfmagazine.it\/en\/wp-json\/wp\/v2\/users\/1"}],"replies":[{"embeddable":true,"href":"https:\/\/pfmagazine.it\/en\/wp-json\/wp\/v2\/comments?post=19608"}],"version-history":[{"count":5,"href":"https:\/\/pfmagazine.it\/en\/wp-json\/wp\/v2\/pages\/19608\/revisions"}],"predecessor-version":[{"id":21671,"href":"https:\/\/pfmagazine.it\/en\/wp-json\/wp\/v2\/pages\/19608\/revisions\/21671"}],"up":[{"embeddable":true,"href":"https:\/\/pfmagazine.it\/en\/wp-json\/wp\/v2\/pages\/19467"}],"wp:attachment":[{"href":"https:\/\/pfmagazine.it\/en\/wp-json\/wp\/v2\/media?parent=19608"}],"curies":[{"name":"wp","href":"https:\/\/api.w.org\/{rel}","templated":true}]}}